{"id":2545,"date":"2021-10-20T13:15:56","date_gmt":"2021-10-20T11:15:56","guid":{"rendered":"https:\/\/kanzlei-blk.de\/?page_id=2545"},"modified":"2021-12-23T11:15:21","modified_gmt":"2021-12-23T10:15:21","slug":"sitemap","status":"publish","type":"page","link":"https:\/\/kanzlei-blk.de\/en\/sitemap\/","title":{"rendered":"Sitemap"},"content":{"rendered":"<div data-elementor-type=\"wp-page\" data-elementor-id=\"2545\" class=\"elementor elementor-2545\">\n\t\t\t\t\t\t<section class=\"elementor-section elementor-top-section elementor-element elementor-element-6beffa50 elementor-section-boxed elementor-section-height-default elementor-section-height-default\" data-id=\"6beffa50\" data-element_type=\"section\" data-e-type=\"section\">\n\t\t\t\t\t\t<div class=\"elementor-container elementor-column-gap-default\">\n\t\t\t\t\t<div class=\"elementor-column elementor-col-100 elementor-top-column elementor-element elementor-element-19331e48\" data-id=\"19331e48\" data-element_type=\"column\" data-e-type=\"column\">\n\t\t\t<div class=\"elementor-widget-wrap elementor-element-populated\">\n\t\t\t\t\t\t<div class=\"elementor-element elementor-element-15acca5 elementor-widget elementor-widget-heading\" data-id=\"15acca5\" data-element_type=\"widget\" data-e-type=\"widget\" data-widget_type=\"heading.default\">\n\t\t\t\t<div class=\"elementor-widget-container\">\n\t\t\t\t\t<h4 class=\"elementor-heading-title elementor-size-default\">Overview of the contents of our website<\/h4>\t\t\t\t<\/div>\n\t\t\t\t<\/div>\n\t\t\t\t<div class=\"elementor-element elementor-element-bdfab0 elementor-widget elementor-widget-text-editor\" data-id=\"bdfab0\" data-element_type=\"widget\" data-e-type=\"widget\" data-widget_type=\"text-editor.default\">\n\t\t\t\t<div class=\"elementor-widget-container\">\n\t\t\t\t\t\t\t\t\t<ul><li><a href=\"https:\/\/kanzlei-blk.de\/en\/\">Home<\/a>\u00a0<\/li><li><a href=\"https:\/\/kanzlei-blk.de\/en\/rechtsbereiche\/\">Legal areas<\/a><br \/><ul><li><a href=\"https:\/\/kanzlei-blk.de\/en\/erbrecht\/\">Inheritance law<\/a><\/li><li><a href=\"https:\/\/kanzlei-blk.de\/en\/insolvenzrecht\/\">Insolvency law<\/a><\/li><li><a href=\"https:\/\/kanzlei-blk.de\/en\/rechtsbereiche\/\">Receivables management<\/a><\/li><\/ul><\/li><li><a href=\"https:\/\/kanzlei-blk.de\/en\/steuerberatung\/\">Tax advice<\/a><\/li><li><a href=\"https:\/\/kanzlei-blk.de\/en\/downloads\/\">Downloads<\/a><\/li><li><a href=\"https:\/\/kanzlei-blk.de\/en\/ueber-uns\/\">About us<\/a><ul><li><a href=\"https:\/\/kanzlei-blk.de\/en\/rechtsanwalt-alexander-barauke\/\">Lawyer Alexander Barauke<\/a><\/li><li><a href=\"https:\/\/kanzlei-blk.de\/en\/rechtsanwaeltin-juliane-lidl-boeck\/\">Lawyer Juliane Lidl-B\u00f6ck<\/a><\/li><\/ul><\/li><li><a href=\"https:\/\/kanzlei-blk.de\/en\/kontakt\/\">Contact<\/a><\/li><li><a href=\"https:\/\/kanzlei-blk.de\/en\/stellenangebote\/\">Vacancies<\/a><\/li><li><a href=\"https:\/\/kanzlei-blk.de\/en\/impressum\/\">Imprint<\/a><\/li><li><a href=\"https:\/\/kanzlei-blk.de\/en\/datenschutz\/\">Privacy policy<\/a><\/li><\/ul>\t\t\t\t\t\t\t\t<\/div>\n\t\t\t\t<\/div>\n\t\t\t\t\t<\/div>\n\t\t<\/div>\n\t\t\t\t\t<\/div>\n\t\t<\/section>\n\t\t\t\t<\/div>","protected":false},"excerpt":{"rendered":"<p>\u00dcbersicht \u00fcber die Inhalte unserer Website Startseite\u00a0 Rechtsbereiche Erbrecht Insolvenzrecht Forderungsmanagement Steuerberatung Downloads \u00dcber uns Rechtsanwalt Alexander Barauke Rechtsanw\u00e4ltin Juliane Lidl-B\u00f6ck Kontakt Stellenangebote Impressum Datenschutzerkl\u00e4rung<\/p>","protected":false},"author":1,"featured_media":0,"parent":0,"menu_order":0,"comment_status":"closed","ping_status":"open","template":"","meta":{"site-sidebar-layout":"default","site-content-layout":"default","ast-site-content-layout":"default","site-content-style":"default","site-sidebar-style":"default","ast-global-header-display":"","ast-banner-title-visibility":"","ast-main-header-display":"","ast-hfb-above-header-display":"","ast-hfb-below-header-display":"","ast-hfb-mobile-header-display":"","site-post-title":"","ast-breadcrumbs-content":"","ast-featured-img":"","footer-sml-layout":"","ast-disable-related-posts":"","theme-transparent-header-meta":"default","adv-header-id-meta":"","stick-header-meta":"","header-above-stick-meta":"","header-main-stick-meta":"","header-below-stick-meta":"","astra-migrate-meta-layouts":"default","ast-page-background-enabled":"default","ast-page-background-meta":{"desktop":{"background-color":"","background-image":"","background-repeat":"repeat","background-position":"center center","background-size":"auto","background-attachment":"scroll","background-type":"","background-media":"","overlay-type":"","overlay-color":"","overlay-opacity":"","overlay-gradient":""},"tablet":{"background-color":"","background-image":"","background-repeat":"repeat","background-position":"center center","background-size":"auto","background-attachment":"scroll","background-type":"","background-media":"","overlay-type":"","overlay-color":"","overlay-opacity":"","overlay-gradient":""},"mobile":{"background-color":"","background-image":"","background-repeat":"repeat","background-position":"center center","background-size":"auto","background-attachment":"scroll","background-type":"","background-media":"","overlay-type":"","overlay-color":"","overlay-opacity":"","overlay-gradient":""}},"ast-content-background-meta":{"desktop":{"background-color":"var(--ast-global-color-5)","background-image":"","background-repeat":"repeat","background-position":"center center","background-size":"auto","background-attachment":"scroll","background-type":"","background-media":"","overlay-type":"","overlay-color":"","overlay-opacity":"","overlay-gradient":""},"tablet":{"background-color":"var(--ast-global-color-5)","background-image":"","background-repeat":"repeat","background-position":"center center","background-size":"auto","background-attachment":"scroll","background-type":"","background-media":"","overlay-type":"","overlay-color":"","overlay-opacity":"","overlay-gradient":""},"mobile":{"background-color":"var(--ast-global-color-5)","background-image":"","background-repeat":"repeat","background-position":"center center","background-size":"auto","background-attachment":"scroll","background-type":"","background-media":"","overlay-type":"","overlay-color":"","overlay-opacity":"","overlay-gradient":""}},"footnotes":""},"class_list":["post-2545","page","type-page","status-publish","hentry"],"_links":{"self":[{"href":"https:\/\/kanzlei-blk.de\/en\/wp-json\/wp\/v2\/pages\/2545","targetHints":{"allow":["GET"]}}],"collection":[{"href":"https:\/\/kanzlei-blk.de\/en\/wp-json\/wp\/v2\/pages"}],"about":[{"href":"https:\/\/kanzlei-blk.de\/en\/wp-json\/wp\/v2\/types\/page"}],"author":[{"embeddable":true,"href":"https:\/\/kanzlei-blk.de\/en\/wp-json\/wp\/v2\/users\/1"}],"replies":[{"embeddable":true,"href":"https:\/\/kanzlei-blk.de\/en\/wp-json\/wp\/v2\/comments?post=2545"}],"version-history":[{"count":10,"href":"https:\/\/kanzlei-blk.de\/en\/wp-json\/wp\/v2\/pages\/2545\/revisions"}],"predecessor-version":[{"id":4749,"href":"https:\/\/kanzlei-blk.de\/en\/wp-json\/wp\/v2\/pages\/2545\/revisions\/4749"}],"wp:attachment":[{"href":"https:\/\/kanzlei-blk.de\/en\/wp-json\/wp\/v2\/media?parent=2545"}],"curies":[{"name":"wp","href":"https:\/\/api.w.org\/{rel}","templated":true}]}}